{"id":4490,"date":"2019-09-04T22:08:33","date_gmt":"2019-09-05T02:08:33","guid":{"rendered":"http:\/\/www.gwellstaylor.com\/blog\/?page_id=4490"},"modified":"2023-03-30T09:28:28","modified_gmt":"2023-03-30T13:28:28","slug":"el-efecto-variante-gratis","status":"publish","type":"page","link":"https:\/\/www.gwellstaylor.com\/blog\/?page_id=4490","title":{"rendered":"EL EFECTO VARIANTE &#8211; GRATIS!"},"content":{"rendered":"<p style=\"text-align: center;\"><strong><span style=\"color: #ff0000;\">NOW AVAILABLE!<\/span><br \/>\nT<span style=\"color: #000000;\">he Variant Effect: SKIN EATERS<\/span><br \/>\n<span style=\"color: #000000;\">Spanish Language Edition<\/span><\/strong><\/p>\n<p><a href=\"http:\/\/www.gwellstaylor.com\/covers\/EL_EFECTO_VARIANTE_COVER.jpg\"><img loading=\"lazy\" decoding=\"async\" class=\"alignleft wp-image-4460 size-medium\" src=\"https:\/\/www.gwellstaylor.com\/blog\/wp-content\/uploads\/2019\/09\/EL_EFECTO_VARIANTE_COVER_Blog_200x300-200x300.jpg\" alt=\"\" width=\"200\" height=\"300\" \/><\/a><strong><span style=\"color: #000000;\">S\u00e9 Tu Yo Real\u2026<\/span> <\/strong><\/p>\n<p>El viejo edificio en una ruinosa parte de la ciudad era el lugar perfecto para encontrar un cuerpo, pero<strong> Joe Borland <\/strong>sabe que nunca le sacar\u00edan a rastras del retiro si ese cuerpo a\u00fan tuviese su piel. Han pasado veinte a\u00f1os desde que Borland combati\u00f3 <strong>El Efecto Variante <\/strong>y veinte desde que dej\u00f3 que despellejaran vivo a su compa\u00f1ero. Ahora le han ordenado volver a la acci\u00f3n para enfrentar una nueva amenaza terror\u00edfica. En un futuro cercano, cuando el Efecto Variante transforma a la poblaci\u00f3n. S\u00f3lo los h\u00e9roes que sobrevivieron pueden detener un nuevo brote zombie t\u00f3xico<strong>.<br \/>\n<\/strong><\/p>\n<p style=\"text-align: center;\"><span style=\"color: #000000;\"><strong>Descarga El Efecto Variante: Devoradores de Piel<br \/>\nen <span style=\"color: #ff0000;\">GRATIS <\/span><a style=\"color: #000000;\" href=\"https:\/\/www.gwellstaylor.com\/books\/skineaters\/ElEfectoVariante\/El_Efecto_Variante_GWellsTaylor.pdf\">PDF<\/a> ~ <a style=\"color: #000000;\" href=\"https:\/\/www.gwellstaylor.com\/books\/skineaters\/ElEfectoVariante\/El_Efecto_Variante_GWellsTaylor.epub\">EPUB<\/a> ~ <a style=\"color: #000000;\" href=\"https:\/\/www.gwellstaylor.com\/books\/skineaters\/ElEfectoVariante\/El%20Efecto%20Variante_%20Devoradores%20-%20G.%20Wells%20Taylor.mobi\">MOBI<\/a><br \/>\n<\/strong><strong>Download your <span style=\"color: #ff0000;\">FREE<\/span> copy\u00a0 <a style=\"color: #000000;\" href=\"https:\/\/www.gwellstaylor.com\/books\/skineaters\/ElEfectoVariante\/El_Efecto_Variante_GWellsTaylor.pdf\">PDF<\/a> ~ <a style=\"color: #000000;\" href=\"https:\/\/www.gwellstaylor.com\/books\/skineaters\/ElEfectoVariante\/El_Efecto_Variante_GWellsTaylor.epub\">EPUB<\/a> ~ <a style=\"color: #000000;\" href=\"https:\/\/www.gwellstaylor.com\/books\/skineaters\/ElEfectoVariante\/El%20Efecto%20Variante_%20Devoradores%20-%20G.%20Wells%20Taylor.mobi\">MOBI<\/a><br \/>\n<\/strong><strong>or visit <a style=\"color: #000000;\" href=\"http:\/\/artifacslibros.vzpla.net\/obras.html\">Artifacs Libros<\/a> to download<\/strong>.<\/span><\/p>\n<p>I want to congratulate <span style=\"color: #000000;\"><strong>David<\/strong> <\/span>at <span style=\"color: #000000;\"><a style=\"color: #000000;\" href=\"http:\/\/artifacslibros.vzpla.net\/\"><strong>Artifacs Libros<\/strong><\/a><\/span> on the release of his <span style=\"color: #000000;\"><strong>Spanish translation<\/strong><\/span> of <span style=\"color: #000000;\"><strong><em>The Variant Effect: SKIN EATERS (El Efecto Variante: Devoradores de Piel)<\/em><\/strong>.<\/span><\/p>\n<p>David approached me this summer with a proposal to do a Spanish language version of the book, and he quickly impressed me with his energy, his unbridled enthusiasm for literature, and his ongoing mission at <span style=\"color: #000000;\"><strong>Artifacs Libros<\/strong><\/span>.<\/p>\n<p>David started translating science fiction stories on several online forums before creating the<strong><span style=\"color: #000000;\"> Artifacs Libros<\/span> <\/strong>web site in <strong>February 2018<\/strong> with the goal of translating distinct English titles for Panhispanic readers. A recent revamp of his web site in June, upgraded eBook files and the addition of author interviews to the eBooks gives his growing readership a professional platform for a deeper understanding of each work and author.<\/p>\n<p>And he&#8217;s interested in doing more. Contact<span style=\"color: #000000;\"> <strong>David<\/strong> <\/span>to talk about Spanish translations at <a href=\"http:\/\/artifacslibros.vzpla.net\/contacto.html\">http:\/\/artifacslibros.vzpla.net\/contacto.html<\/a><\/p>\n<p>Download other <span style=\"color: #000000;\"><strong>Artifacs Libros<\/strong> <\/span>eBook titles at <a href=\"http:\/\/artifacslibros.vzpla.net\/obras.html\">http:\/\/artifacslibros.vzpla.net\/obras.html<\/a><\/p>\n","protected":false},"excerpt":{"rendered":"<p>NOW AVAILABLE! The Variant Effect: SKIN EATERS Spanish Language Edition S&eacute; Tu Yo Real&hellip; El viejo edificio en una ruinosa parte de la ciudad era el lugar perfecto para encontrar un cuerpo, pero Joe Borland sabe que nunca le sacar&iacute;an a rastras del retiro si ese cuerpo a&uacute;n tuviese su piel. Han pasado veinte a&ntilde;os &hellip; <\/p>\n<p><a class=\"more-link btn\" href=\"https:\/\/www.gwellstaylor.com\/blog\/?page_id=4490\">Continue reading<\/a><\/p>\n","protected":false},"author":1,"featured_media":0,"parent":1867,"menu_order":11,"comment_status":"closed","ping_status":"closed","template":"","meta":{"footnotes":""},"categories":[43],"tags":[30,34,39,38,32],"class_list":["post-4490","page","type-page","status-publish","hentry","category-translations","tag-free","tag-horror","tag-outbreak","tag-virus","tag-zombie","nodate","item-wrap"],"yoast_head":"<!-- This site is optimized with the Yoast SEO plugin v21.3 - https:\/\/yoast.com\/wordpress\/plugins\/seo\/ -->\n<title>EL EFECTO VARIANTE - GRATIS! - Horror, Mystery, Speculative and Science Fiction<\/title>\n<meta name=\"robots\" content=\"index, follow, max-snippet:-1, max-image-preview:large, max-video-preview:-1\" \/>\n<link rel=\"canonical\" href=\"https:\/\/www.gwellstaylor.com\/blog\/?page_id=4490\" \/>\n<meta property=\"og:locale\" content=\"en_US\" \/>\n<meta property=\"og:type\" content=\"article\" \/>\n<meta property=\"og:title\" content=\"EL EFECTO VARIANTE - GRATIS! - Horror, Mystery, Speculative and Science Fiction\" \/>\n<meta property=\"og:description\" content=\"NOW AVAILABLE! The Variant Effect: SKIN EATERS Spanish Language Edition S&eacute; Tu Yo Real&hellip; El viejo edificio en una ruinosa parte de la ciudad era el lugar perfecto para encontrar un cuerpo, pero Joe Borland sabe que nunca le sacar&iacute;an a rastras del retiro si ese cuerpo a&uacute;n tuviese su piel. Han pasado veinte a&ntilde;os &hellip; Continue reading\" \/>\n<meta property=\"og:url\" content=\"https:\/\/www.gwellstaylor.com\/blog\/?page_id=4490\" \/>\n<meta property=\"og:site_name\" content=\"Welcome to GWellsTaylor.com\" \/>\n<meta property=\"article:publisher\" content=\"https:\/\/www.facebook.com\/g.wells.taylor\" \/>\n<meta property=\"article:modified_time\" content=\"2023-03-30T13:28:28+00:00\" \/>\n<meta property=\"og:image\" content=\"http:\/\/www.gwellstaylor.com\/blog\/wp-content\/uploads\/2019\/09\/EL_EFECTO_VARIANTE_COVER_Blog_200x300-200x300.jpg\" \/>\n<meta name=\"twitter:card\" content=\"summary_large_image\" \/>\n<meta name=\"twitter:site\" content=\"@gwellstaylor\" \/>\n<meta name=\"twitter:label1\" content=\"Est. reading time\" \/>\n\t<meta name=\"twitter:data1\" content=\"2 minutes\" \/>\n<script type=\"application\/ld+json\" class=\"yoast-schema-graph\">{\"@context\":\"https:\/\/schema.org\",\"@graph\":[{\"@type\":\"WebPage\",\"@id\":\"https:\/\/www.gwellstaylor.com\/blog\/?page_id=4490\",\"url\":\"https:\/\/www.gwellstaylor.com\/blog\/?page_id=4490\",\"name\":\"EL EFECTO VARIANTE - GRATIS! - Horror, Mystery, Speculative and Science Fiction\",\"isPartOf\":{\"@id\":\"https:\/\/www.gwellstaylor.com\/blog\/#website\"},\"datePublished\":\"2019-09-05T02:08:33+00:00\",\"dateModified\":\"2023-03-30T13:28:28+00:00\",\"breadcrumb\":{\"@id\":\"https:\/\/www.gwellstaylor.com\/blog\/?page_id=4490#breadcrumb\"},\"inLanguage\":\"en-US\",\"potentialAction\":[{\"@type\":\"ReadAction\",\"target\":[\"https:\/\/www.gwellstaylor.com\/blog\/?page_id=4490\"]}]},{\"@type\":\"BreadcrumbList\",\"@id\":\"https:\/\/www.gwellstaylor.com\/blog\/?page_id=4490#breadcrumb\",\"itemListElement\":[{\"@type\":\"ListItem\",\"position\":1,\"name\":\"Home\",\"item\":\"https:\/\/www.gwellstaylor.com\/blog\"},{\"@type\":\"ListItem\",\"position\":2,\"name\":\"Book Catalogue\",\"item\":\"https:\/\/www.gwellstaylor.com\/blog\/?page_id=39\"},{\"@type\":\"ListItem\",\"position\":3,\"name\":\"THE VARIANT EFFECT SERIES\",\"item\":\"https:\/\/www.gwellstaylor.com\/blog\/?page_id=1867\"},{\"@type\":\"ListItem\",\"position\":4,\"name\":\"EL EFECTO VARIANTE &#8211; GRATIS!\"}]},{\"@type\":\"WebSite\",\"@id\":\"https:\/\/www.gwellstaylor.com\/blog\/#website\",\"url\":\"https:\/\/www.gwellstaylor.com\/blog\/\",\"name\":\"Welcome to GWellsTaylor.com\",\"description\":\"Horror, Mystery, Speculative and Science Fiction\",\"publisher\":{\"@id\":\"https:\/\/www.gwellstaylor.com\/blog\/#organization\"},\"alternateName\":\"GWellsTaylor.com\",\"potentialAction\":[{\"@type\":\"SearchAction\",\"target\":{\"@type\":\"EntryPoint\",\"urlTemplate\":\"https:\/\/www.gwellstaylor.com\/blog\/?s={search_term_string}\"},\"query-input\":\"required name=search_term_string\"}],\"inLanguage\":\"en-US\"},{\"@type\":\"Organization\",\"@id\":\"https:\/\/www.gwellstaylor.com\/blog\/#organization\",\"name\":\"Official G. Wells Taylor Website\",\"alternateName\":\"GWellsTaylor.com\",\"url\":\"https:\/\/www.gwellstaylor.com\/blog\/\",\"logo\":{\"@type\":\"ImageObject\",\"inLanguage\":\"en-US\",\"@id\":\"https:\/\/www.gwellstaylor.com\/blog\/#\/schema\/logo\/image\/\",\"url\":\"https:\/\/www.gwellstaylor.com\/blog\/wp-content\/uploads\/2023\/10\/gwellstaylor_larger.jpg\",\"contentUrl\":\"https:\/\/www.gwellstaylor.com\/blog\/wp-content\/uploads\/2023\/10\/gwellstaylor_larger.jpg\",\"width\":279,\"height\":360,\"caption\":\"Official G. Wells Taylor Website\"},\"image\":{\"@id\":\"https:\/\/www.gwellstaylor.com\/blog\/#\/schema\/logo\/image\/\"},\"sameAs\":[\"https:\/\/www.facebook.com\/g.wells.taylor\",\"https:\/\/twitter.com\/gwellstaylor\",\"https:\/\/www.instagram.com\/gwellstaylor\/\"]}]}<\/script>\n<!-- \/ Yoast SEO plugin. -->","yoast_head_json":{"title":"EL EFECTO VARIANTE - GRATIS! - Horror, Mystery, Speculative and Science Fiction","robots":{"index":"index","follow":"follow","max-snippet":"max-snippet:-1","max-image-preview":"max-image-preview:large","max-video-preview":"max-video-preview:-1"},"canonical":"https:\/\/www.gwellstaylor.com\/blog\/?page_id=4490","og_locale":"en_US","og_type":"article","og_title":"EL EFECTO VARIANTE - GRATIS! - Horror, Mystery, Speculative and Science Fiction","og_description":"NOW AVAILABLE! The Variant Effect: SKIN EATERS Spanish Language Edition S&eacute; Tu Yo Real&hellip; El viejo edificio en una ruinosa parte de la ciudad era el lugar perfecto para encontrar un cuerpo, pero Joe Borland sabe que nunca le sacar&iacute;an a rastras del retiro si ese cuerpo a&uacute;n tuviese su piel. Han pasado veinte a&ntilde;os &hellip; Continue reading","og_url":"https:\/\/www.gwellstaylor.com\/blog\/?page_id=4490","og_site_name":"Welcome to GWellsTaylor.com","article_publisher":"https:\/\/www.facebook.com\/g.wells.taylor","article_modified_time":"2023-03-30T13:28:28+00:00","og_image":[{"url":"http:\/\/www.gwellstaylor.com\/blog\/wp-content\/uploads\/2019\/09\/EL_EFECTO_VARIANTE_COVER_Blog_200x300-200x300.jpg"}],"twitter_card":"summary_large_image","twitter_site":"@gwellstaylor","twitter_misc":{"Est. reading time":"2 minutes"},"schema":{"@context":"https:\/\/schema.org","@graph":[{"@type":"WebPage","@id":"https:\/\/www.gwellstaylor.com\/blog\/?page_id=4490","url":"https:\/\/www.gwellstaylor.com\/blog\/?page_id=4490","name":"EL EFECTO VARIANTE - GRATIS! - Horror, Mystery, Speculative and Science Fiction","isPartOf":{"@id":"https:\/\/www.gwellstaylor.com\/blog\/#website"},"datePublished":"2019-09-05T02:08:33+00:00","dateModified":"2023-03-30T13:28:28+00:00","breadcrumb":{"@id":"https:\/\/www.gwellstaylor.com\/blog\/?page_id=4490#breadcrumb"},"inLanguage":"en-US","potentialAction":[{"@type":"ReadAction","target":["https:\/\/www.gwellstaylor.com\/blog\/?page_id=4490"]}]},{"@type":"BreadcrumbList","@id":"https:\/\/www.gwellstaylor.com\/blog\/?page_id=4490#breadcrumb","itemListElement":[{"@type":"ListItem","position":1,"name":"Home","item":"https:\/\/www.gwellstaylor.com\/blog"},{"@type":"ListItem","position":2,"name":"Book Catalogue","item":"https:\/\/www.gwellstaylor.com\/blog\/?page_id=39"},{"@type":"ListItem","position":3,"name":"THE VARIANT EFFECT SERIES","item":"https:\/\/www.gwellstaylor.com\/blog\/?page_id=1867"},{"@type":"ListItem","position":4,"name":"EL EFECTO VARIANTE &#8211; GRATIS!"}]},{"@type":"WebSite","@id":"https:\/\/www.gwellstaylor.com\/blog\/#website","url":"https:\/\/www.gwellstaylor.com\/blog\/","name":"Welcome to GWellsTaylor.com","description":"Horror, Mystery, Speculative and Science Fiction","publisher":{"@id":"https:\/\/www.gwellstaylor.com\/blog\/#organization"},"alternateName":"GWellsTaylor.com","potentialAction":[{"@type":"SearchAction","target":{"@type":"EntryPoint","urlTemplate":"https:\/\/www.gwellstaylor.com\/blog\/?s={search_term_string}"},"query-input":"required name=search_term_string"}],"inLanguage":"en-US"},{"@type":"Organization","@id":"https:\/\/www.gwellstaylor.com\/blog\/#organization","name":"Official G. Wells Taylor Website","alternateName":"GWellsTaylor.com","url":"https:\/\/www.gwellstaylor.com\/blog\/","logo":{"@type":"ImageObject","inLanguage":"en-US","@id":"https:\/\/www.gwellstaylor.com\/blog\/#\/schema\/logo\/image\/","url":"https:\/\/www.gwellstaylor.com\/blog\/wp-content\/uploads\/2023\/10\/gwellstaylor_larger.jpg","contentUrl":"https:\/\/www.gwellstaylor.com\/blog\/wp-content\/uploads\/2023\/10\/gwellstaylor_larger.jpg","width":279,"height":360,"caption":"Official G. Wells Taylor Website"},"image":{"@id":"https:\/\/www.gwellstaylor.com\/blog\/#\/schema\/logo\/image\/"},"sameAs":["https:\/\/www.facebook.com\/g.wells.taylor","https:\/\/twitter.com\/gwellstaylor","https:\/\/www.instagram.com\/gwellstaylor\/"]}]}},"_links":{"self":[{"href":"https:\/\/www.gwellstaylor.com\/blog\/index.php?rest_route=\/wp\/v2\/pages\/4490","targetHints":{"allow":["GET"]}}],"collection":[{"href":"https:\/\/www.gwellstaylor.com\/blog\/index.php?rest_route=\/wp\/v2\/pages"}],"about":[{"href":"https:\/\/www.gwellstaylor.com\/blog\/index.php?rest_route=\/wp\/v2\/types\/page"}],"author":[{"embeddable":true,"href":"https:\/\/www.gwellstaylor.com\/blog\/index.php?rest_route=\/wp\/v2\/users\/1"}],"replies":[{"embeddable":true,"href":"https:\/\/www.gwellstaylor.com\/blog\/index.php?rest_route=%2Fwp%2Fv2%2Fcomments&post=4490"}],"version-history":[{"count":19,"href":"https:\/\/www.gwellstaylor.com\/blog\/index.php?rest_route=\/wp\/v2\/pages\/4490\/revisions"}],"predecessor-version":[{"id":6109,"href":"https:\/\/www.gwellstaylor.com\/blog\/index.php?rest_route=\/wp\/v2\/pages\/4490\/revisions\/6109"}],"up":[{"embeddable":true,"href":"https:\/\/www.gwellstaylor.com\/blog\/index.php?rest_route=\/wp\/v2\/pages\/1867"}],"wp:attachment":[{"href":"https:\/\/www.gwellstaylor.com\/blog\/index.php?rest_route=%2Fwp%2Fv2%2Fmedia&parent=4490"}],"wp:term":[{"taxonomy":"category","embeddable":true,"href":"https:\/\/www.gwellstaylor.com\/blog\/index.php?rest_route=%2Fwp%2Fv2%2Fcategories&post=4490"},{"taxonomy":"post_tag","embeddable":true,"href":"https:\/\/www.gwellstaylor.com\/blog\/index.php?rest_route=%2Fwp%2Fv2%2Ftags&post=4490"}],"curies":[{"name":"wp","href":"https:\/\/api.w.org\/{rel}","templated":true}]}}