{"id":4623,"date":"2020-01-05T18:15:43","date_gmt":"2020-01-05T22:15:43","guid":{"rendered":"http:\/\/www.gwellstaylor.com\/blog\/?page_id=4623"},"modified":"2023-03-29T19:19:33","modified_gmt":"2023-03-29T23:19:33","slug":"dracula-de-los-monos-la-urna","status":"publish","type":"page","link":"https:\/\/www.gwellstaylor.com\/blog\/?page_id=4623","title":{"rendered":"GRATIS &#8211; DR\u00c1CULA DE LOS MONOS \u2013 LA URNA"},"content":{"rendered":"\r\n<p><img loading=\"lazy\" decoding=\"async\" class=\"size-full wp-image-4578 alignleft\" src=\"https:\/\/www.gwellstaylor.com\/blog\/wp-content\/uploads\/2020\/01\/DOTA_Cover200x300.jpg\" alt=\"\" width=\"200\" height=\"300\" \/><\/p>\r\n<p class=\"has-very-dark-gray-color has-text-color has-text-align-center\"><span style=\"color: #000000;\">DR\u00c1CULA DE LOS MONOS \u2013 <strong>LA URNA<\/strong> <\/span><br \/><span style=\"color: #000000;\">Libro Uno En Trilog\u00eda<\/span><br \/><strong><span style=\"color: #ff0000;\">NOW AVAILABLE!<\/span><\/strong><br \/><span style=\"color: #000000;\">THE URN<\/span> <br \/><span style=\"color: #000000;\"><strong>Dracula of the Apes: Book On<\/strong>e <strong><br \/><em>Spanish Language Edition<\/em><\/strong><\/span><\/p>\r\n<p>Horvat, el sirviente c\u00edngaro de Dr\u00e1cula, tiene la especial misi\u00f3n de preservar el cuerpo de su amo por si ocurriera lo peor.. \u00a1Y lo peor ha sucedido! El equipo de cazadores de vampiros de Van Helsing ha decapitado al conde y lo ha reducido a polvo y cenizas. Las instrucciones de Horvat son simples. Los restos de Dr\u00e1cula deben almacenarse en una Urna especial y ba\u00f1arse en sangre mientras viajan a Sud\u00e1frica, donde un misterioso aliado se encargar\u00e1 de su resurrecci\u00f3n. Pero el destino tropieza en la costa africana y un naufragio arroja a Horvat y su preciosa carga al escenario de la selva de otro cl\u00e1sico literario.<\/p>\r\n<p class=\"has-text-align-center\" style=\"text-align: center;\"><span style=\"color: #000000;\"><strong>Descarga <\/strong> <strong>Dr\u00e1cula De Los Monos<\/strong><\/span><br \/><span style=\"color: #000000;\">LIBRO UNO EN LA TRILOG\u00cdA \u2013 LA URNA<\/span><br \/><strong><span style=\"color: #000000;\">en<\/span> <span style=\"color: #ff0000;\">GRATIS<\/span> <span style=\"color: #000000;\"><a style=\"color: #000000;\" href=\"https:\/\/www.gwellstaylor.com\/books\/draculaoftheapes\/SpanishTranslation\/La_Urna_DraculaDeLosMonos_Uno_G_Wells_Taylor.pdf\">PDF<\/a> ~ <a style=\"color: #000000;\" href=\"https:\/\/www.gwellstaylor.com\/books\/draculaoftheapes\/SpanishTranslation\/La_Urna_DraculaDeLosMonos_Uno_G_Wells_Taylor_Kobo.epub\">EPUB<\/a> ~ <a style=\"color: #000000;\" href=\"https:\/\/www.gwellstaylor.com\/books\/draculaoftheapes\/SpanishTranslation\/La_Urna_DraculaDeLosMonos_Uno_G_Wells_Taylor.mobi\">MOBI<\/a><\/span><br \/><span style=\"color: #000000;\">Download your<\/span> <span style=\"color: #ff0000;\">FREE<\/span><span style=\"color: #000000;\"> copy\u00a0 <a style=\"color: #000000;\" href=\"https:\/\/www.gwellstaylor.com\/books\/draculaoftheapes\/SpanishTranslation\/La_Urna_DraculaDeLosMonos_Uno_G_Wells_Taylor.pdf\">PDF<\/a> ~ <a style=\"color: #000000;\" href=\"https:\/\/www.gwellstaylor.com\/books\/draculaoftheapes\/SpanishTranslation\/La_Urna_DraculaDeLosMonos_Uno_G_Wells_Taylor_Kobo.epub\">EPUB<\/a> ~ <a style=\"color: #000000;\" href=\"https:\/\/www.gwellstaylor.com\/books\/draculaoftheapes\/SpanishTranslation\/La_Urna_DraculaDeLosMonos_Uno_G_Wells_Taylor.mobi\">MOBI<\/a><\/span><br \/><span style=\"color: #000000;\">or visit <a style=\"color: #000000;\" href=\"https:\/\/artifacs.webcindario.com\/obrasFantasy2020.html#dracula\">Artifacs Libros<\/a> to download<\/span><\/strong><span style=\"color: #000000;\">.<\/span><\/p>\r\n<p>I want to congratulate <span style=\"color: #000000;\"><strong>David<\/strong><\/span> at<span style=\"color: #000000;\"> <a style=\"color: #000000;\" href=\"http:\/\/artifacslibros.vzpla.net\/\"><strong>Artifacs Libros<\/strong><\/a> <\/span>on the release of his <span style=\"color: #000000;\"><strong>Spanish translation<\/strong> of <strong>Dr\u00e1cula De Los Monos<\/strong> <strong>Libro Uno En La Trilogia \u2013 LA URNA<em>.<\/em><\/strong><\/span> (Dracula of the Apes Trilogy Book One \u2013 THE URN.)<\/p>\r\n<p>David approached me last summer with a proposal to do Spanish language versions of my books <span style=\"color: #000000;\"><em><strong>The Variant Effect: SKIN EATERS<\/strong><\/em><\/span>, <span style=\"color: #000000;\"><em><strong>WHEN GRAVEYARDS YAWN<\/strong><\/em><\/span>, and <span style=\"color: #000000;\"><strong><em>THE URN <\/em><\/strong><\/span>book one of the <span style=\"color: #000000;\"><em><strong>Dracula of the Apes<\/strong><\/em><\/span> trilogy; and I was quickly impressed by his energy, his unbridled enthusiasm for literature, and his ongoing mission at <a href=\"http:\/\/artifacslibros.vzpla.net\/index.html\"><strong><span style=\"color: #000000;\">Artifacs Libros<\/span><\/strong><\/a>.<\/p>\r\n<p>David started translating science fiction stories on several online forums before creating the<strong><span style=\"color: #000000;\"> Artifacs Libros<\/span> <\/strong>web site in <span style=\"color: #000000;\"><strong>February 2018<\/strong> <\/span>with the goal of translating distinct English titles for Panhispanic readers. A recent revamp of his web site last June, upgraded eBook files and the addition of author interviews to the eBooks gives his growing readership a professional platform for a deeper understanding of each work and author.<\/p>\r\n<p>David\u2019s love of literature is evident in his work on the <span style=\"color: #000000;\"><strong>Artifacs Libros<\/strong><\/span> web site.<\/p>\r\n<p>And he\u2019s interested in doing more. Contact <span style=\"color: #000000;\"><strong>David<\/strong> <\/span>to talk about Spanish translations at <a href=\"http:\/\/artifacslibros.vzpla.net\/contacto.html\">http:\/\/artifacslibros.vzpla.net\/contacto.html<\/a><\/p>\r\n<p>Download other <strong>Artifacs Libros<\/strong> eBook titles at <a href=\"http:\/\/artifacslibros.vzpla.net\/obras.html\">http:\/\/artifacslibros.vzpla.net\/obras.html<\/a><\/p>\r\n","protected":false},"excerpt":{"rendered":"<p>DR&Aacute;CULA DE LOS MONOS &ndash; LA URNA Libro Uno En Trilog&iacute;aNOW AVAILABLE!THE URN Dracula of the Apes: Book One Spanish Language Edition Horvat, el sirviente c&iacute;ngaro de Dr&aacute;cula, tiene la especial misi&oacute;n de preservar el cuerpo de su amo por si ocurriera lo peor.. &iexcl;Y lo peor ha sucedido! El equipo de cazadores de vampiros &hellip; <\/p>\n<p><a class=\"more-link btn\" href=\"https:\/\/www.gwellstaylor.com\/blog\/?page_id=4623\">Continue reading<\/a><\/p>\n","protected":false},"author":1,"featured_media":0,"parent":2622,"menu_order":4,"comment_status":"closed","ping_status":"closed","template":"","meta":{"footnotes":""},"categories":[43],"tags":[29,27,30,34,24,28,22],"class_list":["post-4623","page","type-page","status-publish","hentry","category-translations","tag-apes","tag-dracula","tag-free","tag-horror","tag-nosferatu","tag-tarzan","tag-vampire","nodate","item-wrap"],"yoast_head":"<!-- This site is optimized with the Yoast SEO plugin v21.3 - https:\/\/yoast.com\/wordpress\/plugins\/seo\/ -->\n<title>GRATIS - DR\u00c1CULA DE LOS MONOS \u2013 LA URNA - Horror, Mystery, Speculative and Science Fiction<\/title>\n<meta name=\"robots\" content=\"index, follow, max-snippet:-1, max-image-preview:large, max-video-preview:-1\" \/>\n<link rel=\"canonical\" href=\"https:\/\/www.gwellstaylor.com\/blog\/?page_id=4623\" \/>\n<meta property=\"og:locale\" content=\"en_US\" \/>\n<meta property=\"og:type\" content=\"article\" \/>\n<meta property=\"og:title\" content=\"GRATIS - DR\u00c1CULA DE LOS MONOS \u2013 LA URNA - Horror, Mystery, Speculative and Science Fiction\" \/>\n<meta property=\"og:description\" content=\"DR&Aacute;CULA DE LOS MONOS &ndash; LA URNA Libro Uno En Trilog&iacute;aNOW AVAILABLE!THE URN Dracula of the Apes: Book One Spanish Language Edition Horvat, el sirviente c&iacute;ngaro de Dr&aacute;cula, tiene la especial misi&oacute;n de preservar el cuerpo de su amo por si ocurriera lo peor.. &iexcl;Y lo peor ha sucedido! El equipo de cazadores de vampiros &hellip; Continue reading\" \/>\n<meta property=\"og:url\" content=\"https:\/\/www.gwellstaylor.com\/blog\/?page_id=4623\" \/>\n<meta property=\"og:site_name\" content=\"Welcome to GWellsTaylor.com\" \/>\n<meta property=\"article:publisher\" content=\"https:\/\/www.facebook.com\/g.wells.taylor\" \/>\n<meta property=\"article:modified_time\" content=\"2023-03-29T23:19:33+00:00\" \/>\n<meta property=\"og:image\" content=\"http:\/\/www.gwellstaylor.com\/blog\/wp-content\/uploads\/2020\/01\/DOTA_Cover200x300.jpg\" \/>\n<meta name=\"twitter:card\" content=\"summary_large_image\" \/>\n<meta name=\"twitter:site\" content=\"@gwellstaylor\" \/>\n<meta name=\"twitter:label1\" content=\"Est. reading time\" \/>\n\t<meta name=\"twitter:data1\" content=\"2 minutes\" \/>\n<script type=\"application\/ld+json\" class=\"yoast-schema-graph\">{\"@context\":\"https:\/\/schema.org\",\"@graph\":[{\"@type\":\"WebPage\",\"@id\":\"https:\/\/www.gwellstaylor.com\/blog\/?page_id=4623\",\"url\":\"https:\/\/www.gwellstaylor.com\/blog\/?page_id=4623\",\"name\":\"GRATIS - DR\u00c1CULA DE LOS MONOS \u2013 LA URNA - Horror, Mystery, Speculative and Science Fiction\",\"isPartOf\":{\"@id\":\"https:\/\/www.gwellstaylor.com\/blog\/#website\"},\"datePublished\":\"2020-01-05T22:15:43+00:00\",\"dateModified\":\"2023-03-29T23:19:33+00:00\",\"breadcrumb\":{\"@id\":\"https:\/\/www.gwellstaylor.com\/blog\/?page_id=4623#breadcrumb\"},\"inLanguage\":\"en-US\",\"potentialAction\":[{\"@type\":\"ReadAction\",\"target\":[\"https:\/\/www.gwellstaylor.com\/blog\/?page_id=4623\"]}]},{\"@type\":\"BreadcrumbList\",\"@id\":\"https:\/\/www.gwellstaylor.com\/blog\/?page_id=4623#breadcrumb\",\"itemListElement\":[{\"@type\":\"ListItem\",\"position\":1,\"name\":\"Home\",\"item\":\"https:\/\/www.gwellstaylor.com\/blog\"},{\"@type\":\"ListItem\",\"position\":2,\"name\":\"Book Catalogue\",\"item\":\"https:\/\/www.gwellstaylor.com\/blog\/?page_id=39\"},{\"@type\":\"ListItem\",\"position\":3,\"name\":\"DRACULA OF THE APES TRILOGY\",\"item\":\"https:\/\/www.gwellstaylor.com\/blog\/?page_id=2622\"},{\"@type\":\"ListItem\",\"position\":4,\"name\":\"GRATIS &#8211; DR\u00c1CULA DE LOS MONOS \u2013 LA URNA\"}]},{\"@type\":\"WebSite\",\"@id\":\"https:\/\/www.gwellstaylor.com\/blog\/#website\",\"url\":\"https:\/\/www.gwellstaylor.com\/blog\/\",\"name\":\"Welcome to GWellsTaylor.com\",\"description\":\"Horror, Mystery, Speculative and Science Fiction\",\"publisher\":{\"@id\":\"https:\/\/www.gwellstaylor.com\/blog\/#organization\"},\"alternateName\":\"GWellsTaylor.com\",\"potentialAction\":[{\"@type\":\"SearchAction\",\"target\":{\"@type\":\"EntryPoint\",\"urlTemplate\":\"https:\/\/www.gwellstaylor.com\/blog\/?s={search_term_string}\"},\"query-input\":\"required name=search_term_string\"}],\"inLanguage\":\"en-US\"},{\"@type\":\"Organization\",\"@id\":\"https:\/\/www.gwellstaylor.com\/blog\/#organization\",\"name\":\"Official G. Wells Taylor Website\",\"alternateName\":\"GWellsTaylor.com\",\"url\":\"https:\/\/www.gwellstaylor.com\/blog\/\",\"logo\":{\"@type\":\"ImageObject\",\"inLanguage\":\"en-US\",\"@id\":\"https:\/\/www.gwellstaylor.com\/blog\/#\/schema\/logo\/image\/\",\"url\":\"https:\/\/www.gwellstaylor.com\/blog\/wp-content\/uploads\/2023\/10\/gwellstaylor_larger.jpg\",\"contentUrl\":\"https:\/\/www.gwellstaylor.com\/blog\/wp-content\/uploads\/2023\/10\/gwellstaylor_larger.jpg\",\"width\":279,\"height\":360,\"caption\":\"Official G. Wells Taylor Website\"},\"image\":{\"@id\":\"https:\/\/www.gwellstaylor.com\/blog\/#\/schema\/logo\/image\/\"},\"sameAs\":[\"https:\/\/www.facebook.com\/g.wells.taylor\",\"https:\/\/twitter.com\/gwellstaylor\",\"https:\/\/www.instagram.com\/gwellstaylor\/\"]}]}<\/script>\n<!-- \/ Yoast SEO plugin. -->","yoast_head_json":{"title":"GRATIS - DR\u00c1CULA DE LOS MONOS \u2013 LA URNA - Horror, Mystery, Speculative and Science Fiction","robots":{"index":"index","follow":"follow","max-snippet":"max-snippet:-1","max-image-preview":"max-image-preview:large","max-video-preview":"max-video-preview:-1"},"canonical":"https:\/\/www.gwellstaylor.com\/blog\/?page_id=4623","og_locale":"en_US","og_type":"article","og_title":"GRATIS - DR\u00c1CULA DE LOS MONOS \u2013 LA URNA - Horror, Mystery, Speculative and Science Fiction","og_description":"DR&Aacute;CULA DE LOS MONOS &ndash; LA URNA Libro Uno En Trilog&iacute;aNOW AVAILABLE!THE URN Dracula of the Apes: Book One Spanish Language Edition Horvat, el sirviente c&iacute;ngaro de Dr&aacute;cula, tiene la especial misi&oacute;n de preservar el cuerpo de su amo por si ocurriera lo peor.. &iexcl;Y lo peor ha sucedido! El equipo de cazadores de vampiros &hellip; Continue reading","og_url":"https:\/\/www.gwellstaylor.com\/blog\/?page_id=4623","og_site_name":"Welcome to GWellsTaylor.com","article_publisher":"https:\/\/www.facebook.com\/g.wells.taylor","article_modified_time":"2023-03-29T23:19:33+00:00","og_image":[{"url":"http:\/\/www.gwellstaylor.com\/blog\/wp-content\/uploads\/2020\/01\/DOTA_Cover200x300.jpg"}],"twitter_card":"summary_large_image","twitter_site":"@gwellstaylor","twitter_misc":{"Est. reading time":"2 minutes"},"schema":{"@context":"https:\/\/schema.org","@graph":[{"@type":"WebPage","@id":"https:\/\/www.gwellstaylor.com\/blog\/?page_id=4623","url":"https:\/\/www.gwellstaylor.com\/blog\/?page_id=4623","name":"GRATIS - DR\u00c1CULA DE LOS MONOS \u2013 LA URNA - Horror, Mystery, Speculative and Science Fiction","isPartOf":{"@id":"https:\/\/www.gwellstaylor.com\/blog\/#website"},"datePublished":"2020-01-05T22:15:43+00:00","dateModified":"2023-03-29T23:19:33+00:00","breadcrumb":{"@id":"https:\/\/www.gwellstaylor.com\/blog\/?page_id=4623#breadcrumb"},"inLanguage":"en-US","potentialAction":[{"@type":"ReadAction","target":["https:\/\/www.gwellstaylor.com\/blog\/?page_id=4623"]}]},{"@type":"BreadcrumbList","@id":"https:\/\/www.gwellstaylor.com\/blog\/?page_id=4623#breadcrumb","itemListElement":[{"@type":"ListItem","position":1,"name":"Home","item":"https:\/\/www.gwellstaylor.com\/blog"},{"@type":"ListItem","position":2,"name":"Book Catalogue","item":"https:\/\/www.gwellstaylor.com\/blog\/?page_id=39"},{"@type":"ListItem","position":3,"name":"DRACULA OF THE APES TRILOGY","item":"https:\/\/www.gwellstaylor.com\/blog\/?page_id=2622"},{"@type":"ListItem","position":4,"name":"GRATIS &#8211; DR\u00c1CULA DE LOS MONOS \u2013 LA URNA"}]},{"@type":"WebSite","@id":"https:\/\/www.gwellstaylor.com\/blog\/#website","url":"https:\/\/www.gwellstaylor.com\/blog\/","name":"Welcome to GWellsTaylor.com","description":"Horror, Mystery, Speculative and Science Fiction","publisher":{"@id":"https:\/\/www.gwellstaylor.com\/blog\/#organization"},"alternateName":"GWellsTaylor.com","potentialAction":[{"@type":"SearchAction","target":{"@type":"EntryPoint","urlTemplate":"https:\/\/www.gwellstaylor.com\/blog\/?s={search_term_string}"},"query-input":"required name=search_term_string"}],"inLanguage":"en-US"},{"@type":"Organization","@id":"https:\/\/www.gwellstaylor.com\/blog\/#organization","name":"Official G. Wells Taylor Website","alternateName":"GWellsTaylor.com","url":"https:\/\/www.gwellstaylor.com\/blog\/","logo":{"@type":"ImageObject","inLanguage":"en-US","@id":"https:\/\/www.gwellstaylor.com\/blog\/#\/schema\/logo\/image\/","url":"https:\/\/www.gwellstaylor.com\/blog\/wp-content\/uploads\/2023\/10\/gwellstaylor_larger.jpg","contentUrl":"https:\/\/www.gwellstaylor.com\/blog\/wp-content\/uploads\/2023\/10\/gwellstaylor_larger.jpg","width":279,"height":360,"caption":"Official G. Wells Taylor Website"},"image":{"@id":"https:\/\/www.gwellstaylor.com\/blog\/#\/schema\/logo\/image\/"},"sameAs":["https:\/\/www.facebook.com\/g.wells.taylor","https:\/\/twitter.com\/gwellstaylor","https:\/\/www.instagram.com\/gwellstaylor\/"]}]}},"_links":{"self":[{"href":"https:\/\/www.gwellstaylor.com\/blog\/index.php?rest_route=\/wp\/v2\/pages\/4623","targetHints":{"allow":["GET"]}}],"collection":[{"href":"https:\/\/www.gwellstaylor.com\/blog\/index.php?rest_route=\/wp\/v2\/pages"}],"about":[{"href":"https:\/\/www.gwellstaylor.com\/blog\/index.php?rest_route=\/wp\/v2\/types\/page"}],"author":[{"embeddable":true,"href":"https:\/\/www.gwellstaylor.com\/blog\/index.php?rest_route=\/wp\/v2\/users\/1"}],"replies":[{"embeddable":true,"href":"https:\/\/www.gwellstaylor.com\/blog\/index.php?rest_route=%2Fwp%2Fv2%2Fcomments&post=4623"}],"version-history":[{"count":14,"href":"https:\/\/www.gwellstaylor.com\/blog\/index.php?rest_route=\/wp\/v2\/pages\/4623\/revisions"}],"predecessor-version":[{"id":6096,"href":"https:\/\/www.gwellstaylor.com\/blog\/index.php?rest_route=\/wp\/v2\/pages\/4623\/revisions\/6096"}],"up":[{"embeddable":true,"href":"https:\/\/www.gwellstaylor.com\/blog\/index.php?rest_route=\/wp\/v2\/pages\/2622"}],"wp:attachment":[{"href":"https:\/\/www.gwellstaylor.com\/blog\/index.php?rest_route=%2Fwp%2Fv2%2Fmedia&parent=4623"}],"wp:term":[{"taxonomy":"category","embeddable":true,"href":"https:\/\/www.gwellstaylor.com\/blog\/index.php?rest_route=%2Fwp%2Fv2%2Fcategories&post=4623"},{"taxonomy":"post_tag","embeddable":true,"href":"https:\/\/www.gwellstaylor.com\/blog\/index.php?rest_route=%2Fwp%2Fv2%2Ftags&post=4623"}],"curies":[{"name":"wp","href":"https:\/\/api.w.org\/{rel}","templated":true}]}}